{"id":2472,"date":"2017-09-05T10:31:10","date_gmt":"2017-09-05T08:31:10","guid":{"rendered":"https:\/\/www.rossettopaolo.it\/home\/"},"modified":"2026-02-05T19:30:05","modified_gmt":"2026-02-05T18:30:05","slug":"home","status":"publish","type":"page","link":"https:\/\/www.rossettopaolo.it\/de\/","title":{"rendered":"Home"},"content":{"rendered":"<div class=\"wpb-content-wrapper\">[vc_row full_width=&#8220;stretch_row&#8220; content_placement=&#8220;middle&#8220; curly_bg_repeat=&#8220;bg-no-repeat&#8220; curly_bg_position=&#8220;bg-pos-center-bottom&#8220; curly_bg_parallax=&#8220;true&#8220; css=&#8220;.vc_custom_1763305693485{margin-top: -200px !important;padding-top: 12rem !important;background-color: #f5f5f5 !important;background-position: center !important;background-repeat: no-repeat !important;background-size: cover !important;}&#8220;][vc_column width=&#8220;5\/12&#8243;][vc_column_text css=&#8220;&#8220;]\n<h1 class=\"display-1\"><small>Der K\u00fcnstler<\/small><\/h1>\n<h1 class=\"display-1\"><small><\/small>Paolo Rossetto<\/h1>\n<p class=\"lead lead-lg\">Geboren unter dem Zeichen der Kunst<\/p>\n<p>Mit meiner <b>surrealistischen Malerei<\/b> \u2013 ich male auf Holz mit antiken und modernen Techniken \u2013 dr\u00fccke ich diesen kontinuierlichen Dialog zwischen <b>Mensch und Natur<\/b> aus und beleuchte dabei die menschliche Realit\u00e4t in ihren verschiedensten Formen.<\/p>\n<p>Wie man erkennen kann, konzentriert sich meine k\u00fcnstlerische Ausrichtung im Wesentlichen auf die Behandlung der Beziehung zwischen Mensch und Natur, indem sie <b>Gef\u00fchle und Empfindungen<\/b> erforscht.<\/p>\n<p>Diese Verbindung des Menschen zur Natur, und damit zu seiner realen Welt, fasziniert mich seit jeher.<\/p>\n<p>Umgeben von Natur, sind wir Natur, und dies ist die Welt, von der ich mich inspirieren lasse.<\/p>\n<p>Nat\u00fcrlich erf\u00e4hrt meine Malerei, unter bestimmten Aspekten, thematische und farbliche Variationen, je nach dem <b>Gem\u00fctszustand<\/b>, in dem ich mich befinde.[\/vc_column_text][vc_btn title=&#8220;Video: Metamorphose&#8220; css=&#8220;.vc_custom_1763305583105{margin-top: 2px !important;margin-right: 2px !important;margin-bottom: 2px !important;margin-left: 2px !important;}&#8220; link=&#8220;url:http%3A%2F%2Fwww.rossettopaolo.it%2Fwp-content%2Fuploads%2F2025%2F06%2FMetamorfosi.mp4|title:Metamorfosi|target:_blank|&#8220;][vc_btn title=&#8220;Video: Mailand 2015&#8243; css=&#8220;.vc_custom_1763305615074{margin-top: 2px !important;margin-right: 2px !important;margin-bottom: 2px !important;margin-left: 2px !important;}&#8220; link=&#8220;url:http%3A%2F%2Fwww.rossettopaolo.it%2Fwp-content%2Fuploads%2F2025%2F06%2FMilano2015.mp4|title:Metamorfosi|target:_blank|&#8220;][\/vc_column][vc_column width=&#8220;1\/2&#8243; offset=&#8220;vc_col-sm-offset-1&#8243;][vc_single_image image=&#8220;2470&#8243; img_size=&#8220;full&#8220; style=&#8220;xtd-shadow&#8211;large-normal&#8220; onclick=&#8220;link_image&#8220; css=&#8220;.vc_custom_1750566111823{margin-right: 4rem !important;}&#8220; el_class=&#8220;xtd-offset-frame xtd-margin&#8211;bottom-3&#8243;][\/vc_column][\/vc_row][vc_row gap=&#8220;35&#8243; css=&#8220;.vc_custom_1503935928203{margin-top: 2rem !important;margin-bottom: 6rem !important;border-top-width: 1rem !important;border-right-width: 1rem !important;border-bottom-width: 1rem !important;border-left-width: 1rem !important;border-left-color: #f5f0e5 !important;border-left-style: solid !important;border-right-color: #f5f0e5 !important;border-right-style: solid !important;border-top-color: #f5f0e5 !important;border-top-style: solid !important;border-bottom-color: #f5f0e5 !important;border-bottom-style: solid !important;}&#8220; el_id=&#8220;single-event&#8220;][vc_column width=&#8220;5\/12&#8243; offset=&#8220;vc_col-sm-offset-1&#8243;][vc_single_image image=&#8220;3090&#8243; img_size=&#8220;full&#8220; style=&#8220;xtd-shadow&#8211;large-normal&#8220; css=&#8220;&#8220; el_class=&#8220;xtd-offset-frame&#8220;][\/vc_column][vc_column width=&#8220;1\/3&#8243; offset=&#8220;vc_col-sm-offset-1&#8243;][vc_column_text css=&#8220;&#8220;]\n<h1 class=\"display-2\"><small>VERPASSEN SIE NICHT<\/small>News und Ausstellungen<\/h1>\n<p class=\"lead\">Fac\u00e8 ARTS<br \/>\nK\u00fcnstler vs. Sammler<br \/>\nInternationale Veranstaltung f\u00fcr zeitgen\u00f6ssische Kunst<\/p>\n<p>VENEZIA 2026<br \/>\nOpen Space Giardino Bianco<br \/>\nVia Giuseppe Garibaldi, 1814 &#8211; Castello Venedig<br \/>\nVom 7. bis 22. M\u00e4rz<br \/>\n\u00d6ffnungszeiten 10:30 &#8211; 12:30 \/ 16:00 &#8211; 20:00<\/p>\n<p>Wir halten Sie immer auf dem Laufenden <a href=\"https:\/\/www.rossettopaolo.it\/de\/news\/\">NEWS &gt;&gt;<\/a>[\/vc_column_text][\/vc_column][\/vc_row][vc_row css=&#8220;.vc_custom_1759026453466{margin-top: -150px !important;padding-bottom: 6rem !important;}&#8220; el_id=&#8220;exhibitions&#8220;][vc_column width=&#8220;1\/4&#8243;][\/vc_column][vc_column width=&#8220;1\/2&#8243;][vc_column_text css=&#8220;&#8220;]\n<h2 class=\"display-3 special-title\" style=\"text-align: center;\"><small>Die<\/small>Neuen Werke<\/h2>\n[\/vc_column_text][vc_gallery type=&#8220;image_grid&#8220; images=&#8220;2603,2601,2595,2604,2602,2600,2599,2598,2597&#8243; img_size=&#8220;medium&#8220; css=&#8220;&#8220;][\/vc_column][vc_column width=&#8220;1\/4&#8243;][\/vc_column][\/vc_row][vc_row][vc_column][vc_masonry_grid post_type=&#8220;post&#8220; max_items=&#8220;100&#8243; style=&#8220;lazy&#8220; show_filter=&#8220;yes&#8220; gap=&#8220;15&#8243; item=&#8220;masonryMedia_SimpleOverlay&#8220; css=&#8220;&#8220; grid_id=&#8220;vc_gid:1770316108827-73f9ab5a-bdfb-7&#8243; taxonomies=&#8220;70&#8243; filter_source=&#8220;category&#8220;][\/vc_column][\/vc_row]\n<\/div>","protected":false},"excerpt":{"rendered":"<p>[vc_row full_width=&#8220;stretch_row&#8220; content_placement=&#8220;middle&#8220; curly_bg_repeat=&#8220;bg-no-repeat&#8220; curly_bg_position=&#8220;bg-pos-center-bottom&#8220; curly_bg_parallax=&#8220;true&#8220; css=&#8220;.vc_custom_1763305693485{margin-top: -200px !important;padding-top: 12rem !important;background-color: #f5f5f5 !important;background-position: center !important;background-repeat: no-repeat !important;background-size: cover !important;}&#8220;][vc_column width=&#8220;5\/12&#8243;][vc_column_text css=&#8220;&#8220;] Der K\u00fcnstler Paolo Rossetto Geboren unter dem Zeichen der Kunst Mit meiner surrealistischen Malerei \u2013 ich male auf Holz mit antiken und modernen Techniken \u2013 dr\u00fccke ich diesen kontinuierlichen Dialog zwischen Mensch und Natur aus und beleuchte dabei die [&hellip;]<\/p>\n","protected":false},"author":2,"featured_media":0,"parent":0,"menu_order":0,"comment_status":"closed","ping_status":"closed","template":"","meta":{"footnotes":""},"class_list":["post-2472","page","type-page","status-publish","hentry"],"_links":{"self":[{"href":"https:\/\/www.rossettopaolo.it\/de\/wp-json\/wp\/v2\/pages\/2472","targetHints":{"allow":["GET"]}}],"collection":[{"href":"https:\/\/www.rossettopaolo.it\/de\/wp-json\/wp\/v2\/pages"}],"about":[{"href":"https:\/\/www.rossettopaolo.it\/de\/wp-json\/wp\/v2\/types\/page"}],"author":[{"embeddable":true,"href":"https:\/\/www.rossettopaolo.it\/de\/wp-json\/wp\/v2\/users\/2"}],"replies":[{"embeddable":true,"href":"https:\/\/www.rossettopaolo.it\/de\/wp-json\/wp\/v2\/comments?post=2472"}],"version-history":[{"count":63,"href":"https:\/\/www.rossettopaolo.it\/de\/wp-json\/wp\/v2\/pages\/2472\/revisions"}],"predecessor-version":[{"id":3098,"href":"https:\/\/www.rossettopaolo.it\/de\/wp-json\/wp\/v2\/pages\/2472\/revisions\/3098"}],"wp:attachment":[{"href":"https:\/\/www.rossettopaolo.it\/de\/wp-json\/wp\/v2\/media?parent=2472"}],"curies":[{"name":"wp","href":"https:\/\/api.w.org\/{rel}","templated":true}]}}