{"id":2462,"date":"2025-06-05T07:02:51","date_gmt":"2025-06-05T05:02:51","guid":{"rendered":"https:\/\/www.rossettopaolo.it\/umgebungen\/"},"modified":"2025-11-18T09:57:10","modified_gmt":"2025-11-18T08:57:10","slug":"umgebungen","status":"publish","type":"page","link":"https:\/\/www.rossettopaolo.it\/de\/umgebungen\/","title":{"rendered":"Umgebungen"},"content":{"rendered":"<div class=\"wpb-content-wrapper\">[vc_row gap=&#8220;35&#8243; content_placement=&#8220;top&#8220; curly_bg_repeat=&#8220;bg-no-repeat&#8220; curly_bg_position=&#8220;bg-pos-center-center&#8220; curly_bg_parallax=&#8220;true&#8220; css=&#8220;.vc_custom_1504636702469{background-position: center !important;background-repeat: no-repeat !important;background-size: cover !important;}&#8220; el_id=&#8220;contact&#8220;][vc_column][vc_masonry_grid post_type=&#8220;post&#8220; max_items=&#8220;100&#8243; style=&#8220;lazy&#8220; show_filter=&#8220;yes&#8220; gap=&#8220;15&#8243; item=&#8220;masonryMedia_SimpleOverlay&#8220; css=&#8220;&#8220; grid_id=&#8220;vc_gid:1763456035054-ed67eae6-1514-0&#8243; taxonomies=&#8220;56&#8243; filter_source=&#8220;category&#8220;][\/vc_column][\/vc_row][vc_row el_id=&#8220;getting-here&#8220; css=&#8220;.vc_custom_1504541122574{padding-top: 0px !important;}&#8220;][vc_column][\/vc_column][vc_column width=&#8220;5\/6&#8243; offset=&#8220;vc_col-sm-offset-1&#8243;][vc_row_inner gap=&#8220;35&#8243;][vc_column_inner width=&#8220;1\/2&#8243; css=&#8220;.vc_custom_1496332454267{padding-right: 2rem !important;}&#8220;][vc_column_text css=&#8220;&#8220;]\n<h4><span class=\"wixui-rich-text__text\">PRIVATE SAMMLUNGEN<\/span><\/h4>\n<p><span class=\"wixui-rich-text__text\">Paolo Rossetto ist ein zeitgen\u00f6ssischer Maler, der die Tiefe der menschlichen Existenz durch ein kompliziertes Spiel von Pinselstrichen erforscht, die er mit minuti\u00f6ser Pr\u00e4zision auf die Leinwand auftr\u00e4gt, in einem k\u00fcnstlerischen Prozess, der von der Aufgabe der Wahrnehmung von Zeit und Raum und einem Ergebnis gepr\u00e4gt ist, das aus den Tiefen der Ausdrucksf\u00e4higkeit des K\u00fcnstlers gefl\u00fcstert wird.<\/span><\/p>\n<h4><\/h4>\n[\/vc_column_text][\/vc_column_inner][vc_column_inner width=&#8220;1\/2&#8243; css=&#8220;.vc_custom_1496332459319{padding-left: 2rem !important;}&#8220;][vc_column_text css=&#8220;&#8220;]\n<h4>AUSSTELLUNGEN AN STANDORTEN<\/h4>\n<p>2025 &#8211; \u201ePesc \/ Pace\u201c, Stadtmuseum Klausen \u2013 (BZ)<br \/>\n2024 &#8211; &#8222;METHAMORPHOSIS&#8220;, Sparkasse &#8211; Bozen<br \/>\n2023 &#8211; Tu ninfa&#8220;par da scorza tu esca&#8220;, ARTinGENIO&#8220;, Museum &#8211; Officine Garibaldi \u2013 Pisa<br \/>\n2023 &#8211; &#8222;ARTinGENIO&#8220;, Museum &#8211; Officine Garibaldi &#8211; Pisa[\/vc_column_text][\/vc_column_inner][\/vc_row_inner][\/vc_column][\/vc_row][vc_row xtender_is_modal=&#8220;true&#8220; el_id=&#8220;my-modal&#8220; css=&#8220;.vc_custom_1497288400676{padding-right: 4rem !important;padding-left: 4rem !important;background-color: #181616 !important;}&#8220; el_class=&#8220;xtd-shadow&#8211;large-hard&#8220;][vc_column][vc_column_text][ninja_form id=&#8220;1&#8243;][\/vc_column_text][\/vc_column][\/vc_row]\n<\/div>","protected":false},"excerpt":{"rendered":"<p>[vc_row gap=&#8220;35&#8243; content_placement=&#8220;top&#8220; curly_bg_repeat=&#8220;bg-no-repeat&#8220; curly_bg_position=&#8220;bg-pos-center-center&#8220; curly_bg_parallax=&#8220;true&#8220; css=&#8220;.vc_custom_1504636702469{background-position: center !important;background-repeat: no-repeat !important;background-size: cover !important;}&#8220; el_id=&#8220;contact&#8220;][vc_column][vc_masonry_grid post_type=&#8220;post&#8220; max_items=&#8220;100&#8243; style=&#8220;lazy&#8220; show_filter=&#8220;yes&#8220; gap=&#8220;15&#8243; item=&#8220;masonryMedia_SimpleOverlay&#8220; css=&#8220;&#8220; grid_id=&#8220;vc_gid:1763456035054-ed67eae6-1514-0&#8243; taxonomies=&#8220;56&#8243; filter_source=&#8220;category&#8220;][\/vc_column][\/vc_row][vc_row el_id=&#8220;getting-here&#8220; css=&#8220;.vc_custom_1504541122574{padding-top: 0px !important;}&#8220;][vc_column][\/vc_column][vc_column width=&#8220;5\/6&#8243; offset=&#8220;vc_col-sm-offset-1&#8243;][vc_row_inner gap=&#8220;35&#8243;][vc_column_inner width=&#8220;1\/2&#8243; css=&#8220;.vc_custom_1496332454267{padding-right: 2rem !important;}&#8220;][vc_column_text css=&#8220;&#8220;] PRIVATE SAMMLUNGEN Paolo Rossetto ist ein zeitgen\u00f6ssischer Maler, der die Tiefe der menschlichen Existenz durch ein kompliziertes Spiel von Pinselstrichen erforscht, die er mit [&hellip;]<\/p>\n","protected":false},"author":2,"featured_media":0,"parent":0,"menu_order":0,"comment_status":"closed","ping_status":"closed","template":"","meta":{"footnotes":""},"class_list":["post-2462","page","type-page","status-publish","hentry"],"_links":{"self":[{"href":"https:\/\/www.rossettopaolo.it\/de\/wp-json\/wp\/v2\/pages\/2462","targetHints":{"allow":["GET"]}}],"collection":[{"href":"https:\/\/www.rossettopaolo.it\/de\/wp-json\/wp\/v2\/pages"}],"about":[{"href":"https:\/\/www.rossettopaolo.it\/de\/wp-json\/wp\/v2\/types\/page"}],"author":[{"embeddable":true,"href":"https:\/\/www.rossettopaolo.it\/de\/wp-json\/wp\/v2\/users\/2"}],"replies":[{"embeddable":true,"href":"https:\/\/www.rossettopaolo.it\/de\/wp-json\/wp\/v2\/comments?post=2462"}],"version-history":[{"count":4,"href":"https:\/\/www.rossettopaolo.it\/de\/wp-json\/wp\/v2\/pages\/2462\/revisions"}],"predecessor-version":[{"id":3022,"href":"https:\/\/www.rossettopaolo.it\/de\/wp-json\/wp\/v2\/pages\/2462\/revisions\/3022"}],"wp:attachment":[{"href":"https:\/\/www.rossettopaolo.it\/de\/wp-json\/wp\/v2\/media?parent=2462"}],"curies":[{"name":"wp","href":"https:\/\/api.w.org\/{rel}","templated":true}]}}